{"id":16,"date":"2023-05-29T11:37:39","date_gmt":"2023-05-29T11:37:39","guid":{"rendered":"http:\/\/nouvelles-sentimentales.fr\/?page_id=16"},"modified":"2023-07-16T13:22:25","modified_gmt":"2023-07-16T13:22:25","slug":"a-propos","status":"publish","type":"page","link":"https:\/\/nouvelles-sentimentales.fr\/?page_id=16","title":{"rendered":"A propos"},"content":{"rendered":"\n<p>J&#8217;ai toujours aim\u00e9 \u00e9crire, donner vie \u00e0 des personnages, les voir \u00e9voluer et prendre en main leur destin. Depuis quelques ann\u00e9es la passion de l&#8217;\u00e9criture est devenue trop forte et je m&#8217;y consacre d\u00e9sormais plusieurs heures par semaine. Sur ce blog, je peux enfin partager mes histoires avec vous. J&#8217;esp\u00e8re que vous prendrez autant de plaisir \u00e0 les lire que j&#8217;ai eu \u00e0 les \u00e9crire.<\/p>\n","protected":false},"excerpt":{"rendered":"<p>J&#8217;ai toujours aim\u00e9 \u00e9crire, donner vie \u00e0 des personnages, les voir \u00e9voluer et prendre en main leur destin. Depuis quelques ann\u00e9es la passion de l&#8217;\u00e9criture est devenue trop forte et je m&#8217;y consacre d\u00e9sormais plusieurs heures par semaine. Sur ce blog, je peux enfin partager mes histoires avec vous. J&#8217;esp\u00e8re que vous prendrez autant de&hellip;<\/p>\n","protected":false},"author":1,"featured_media":0,"parent":0,"menu_order":0,"comment_status":"closed","ping_status":"closed","template":"","meta":{"footnotes":""},"class_list":["post-16","page","type-page","status-publish","hentry"],"_links":{"self":[{"href":"https:\/\/nouvelles-sentimentales.fr\/index.php?rest_route=\/wp\/v2\/pages\/16","targetHints":{"allow":["GET"]}}],"collection":[{"href":"https:\/\/nouvelles-sentimentales.fr\/index.php?rest_route=\/wp\/v2\/pages"}],"about":[{"href":"https:\/\/nouvelles-sentimentales.fr\/index.php?rest_route=\/wp\/v2\/types\/page"}],"author":[{"embeddable":true,"href":"https:\/\/nouvelles-sentimentales.fr\/index.php?rest_route=\/wp\/v2\/users\/1"}],"replies":[{"embeddable":true,"href":"https:\/\/nouvelles-sentimentales.fr\/index.php?rest_route=%2Fwp%2Fv2%2Fcomments&post=16"}],"version-history":[{"count":2,"href":"https:\/\/nouvelles-sentimentales.fr\/index.php?rest_route=\/wp\/v2\/pages\/16\/revisions"}],"predecessor-version":[{"id":76,"href":"https:\/\/nouvelles-sentimentales.fr\/index.php?rest_route=\/wp\/v2\/pages\/16\/revisions\/76"}],"wp:attachment":[{"href":"https:\/\/nouvelles-sentimentales.fr\/index.php?rest_route=%2Fwp%2Fv2%2Fmedia&parent=16"}],"curies":[{"name":"wp","href":"https:\/\/api.w.org\/{rel}","templated":true}]}}